{"id":75,"date":"2023-03-01T13:36:51","date_gmt":"2023-03-01T12:36:51","guid":{"rendered":"https:\/\/www.bruixa.net\/?page_id=75"},"modified":"2023-03-24T10:54:20","modified_gmt":"2023-03-24T09:54:20","slug":"aviso-legal","status":"publish","type":"page","link":"https:\/\/www.bruixa.net\/ca\/aviso-legal\/","title":{"rendered":"Av\u00eds legal"},"content":{"rendered":"<h2>TITULARIDAD<\/h2>\n<p>En cumplimiento de las obligaciones establecidas en el art\u00edculo 10 de la Ley 34\/2002, de 11 de julio, de Servicios de la Sociedad de la Informaci\u00f3n y Comercio Electr\u00f3nico, se hace constar que esta p\u00e1gina corresponde a la entidad:<\/p>\n<p>Titular: JOSE ANTONIO ARMERO MORA \u2013 44180590M<br \/>\nDomicili: Avda. Ponent 40 - 08905 L&#039;Hospitalet de Llobregat (Barcelona)<br \/>\nTfno: 934400802<br \/>\nMail: consultas@bruixa.net<br \/>\nWeb: www.bruixa.net<br \/>\n<\/p>\n<p>Para cualquier consulta, puede contactar con JOSE ANTONIO ARMERO MORA en consultas@bruixa.net\u00a0o en el tel\u00e9fono 934400802. Puedes dirigirte de cualquier forma para comunicarte con nosotros.<\/p>\n<h2>OBJETO Y AMBITO DE LA WEB<\/h2>\n<p>Las presentes Condiciones Generales de Contrataci\u00f3n y Utilizaci\u00f3n tienen por objeto regular la puesta a disposici\u00f3n de la informaci\u00f3n suministrada en la tienda online de JOSE ANTONIO ARMERO MORA, as\u00ed como las transacciones comerciales que surjan entre JOSE ANTONIO ARMERO MORA y los usuarios del dominio www.bruixa.net. Tanto la navegaci\u00f3n por la tienda online como la adquisici\u00f3n de cualquiera de los productos ofertados en ella, suponen la aceptaci\u00f3n como usuario, sin reservas de ninguna clase, de todas y cada una de las presentes condiciones generales de contrataci\u00f3n y utilizaci\u00f3n. JOSE ANTONIO ARMERO MORA podr\u00e1 modificar la p\u00e1gina web para efectuar cuantos cambios y modificaciones estime convenientes y crea necesarios para la adecuada funcionalidad de la misma, sin necesidad de previo aviso.<\/p>\n<h2>USUARIOS<\/h2>\n<p>El acceso y\/o uso de este portal de JOSE ANTONIO ARMERO MORA atribuye la condici\u00f3n de USUARIO, que acepta, desde dicho acceso y\/o uso, las Condiciones Generales de Uso aqu\u00ed reflejadas. El acceso a la p\u00e1gina web ser\u00e1 voluntario, y, por tanto, responsabilidad del usuario, quien ser\u00e1 responsable de todo efecto directo o indirecto que por el uso que haga del sitio web se derive, incluyendo, de forma enunciativa y no limitativa, todo resultado econ\u00f3mico, t\u00e9cnico y\/o jur\u00eddico adverso, as\u00ed como la defraudaci\u00f3n de las expectativas generadas por nuestro sitio web, oblig\u00e1ndose el usuario a mantener indemne a JOSE ANTONIO ARMERO MORA por cualesquiera reclamaciones derivadas, directa o indirectamente de tales hechos.<\/p>\n<h2>USO DEL PORTAL<\/h2>\n<p>www.bruixa.net proporciona el acceso a multitud de informaciones, servicios, programas o datos (en adelante, \u201clos contenidos\u201d) en Internet pertenecientes a JOSE ANTONIO ARMERO MORA o a sus licenciantes a los que el USUARIO pueda tener acceso. El USUARIO asume la responsabilidad del uso del portal. Dicha responsabilidad se extiende al registro que fuese necesario para acceder a determinados servicios o contenidos. En dicho registro el USUARIO ser\u00e1 responsable de aportar informaci\u00f3n veraz y l\u00edcita. Como consecuencia de este registro, al USUARIO se le puede proporcionar una contrase\u00f1a de la que ser\u00e1 responsable, comprometi\u00e9ndose a hacer un uso diligente y confidencial de la misma. El USUARIO se compromete a hacer un uso adecuado de los contenidos y servicios (como por ejemplo servicios de chat, foros de discusi\u00f3n o grupos de noticias) que JOSE ANTONIO ARMERO MORA puede ofrece a trav\u00e9s de su portal y con car\u00e1cter enunciativo pero no limitativo, a no emplearlos para (i) incurrir en actividades il\u00edcitas, ilegales o contrarias a la buena fe y al orden p\u00fablico; (ii) difundir contenidos o propaganda de car\u00e1cter racista, xen\u00f3fobo, pornogr\u00e1fico-ilegal, de apolog\u00eda del terrorismo o atentatorio contra los derechos humanos; (iii) provocar da\u00f1os en los sistemas f\u00edsicos y l\u00f3gicos de JOSE ANTONIO ARMERO MORA, de sus proveedores o de terceras personas, introducir o difundir en la red virus inform\u00e1ticos o cualesquiera otros sistemas f\u00edsicos o l\u00f3gicos que sean susceptibles de provocar los da\u00f1os anteriormente mencionados; (iv) intentar acceder y, en su caso, utilizar las cuentas de correo electr\u00f3nico de otros usuarios y modificar o manipular sus mensajes. JOSE ANTONIO ARMERO MORA se reserva el derecho de retirar todos aquellos comentarios y aportaciones que vulneren el respeto a la dignidad de la persona, que sean discriminatorios, xen\u00f3fobos, racistas, pornogr\u00e1ficos, que atenten contra la juventud o la infancia, el orden o la seguridad p\u00fablica o que, a su juicio, no resultaran adecuados para su publicaci\u00f3n. En cualquier caso, JOSE ANTONIO ARMERO MORA no ser\u00e1 responsable de las opiniones vertidas por los usuarios a trav\u00e9s de los foros, chats, u otras herramientas de participaci\u00f3n.<\/p>\n<h2>PROPIEDAD INTELECTUAL E INDUSTRIAL<\/h2>\n<p>JOSE ANTONIO ARMERO MORA por s\u00ed o como cesionaria, es titular de todos los derechos de propiedad intelectual e industrial de su p\u00e1gina web, as\u00ed como de los elementos contenidos en la misma (a t\u00edtulo enunciativo, im\u00e1genes, sonido, audio, v\u00eddeo, software o textos; marcas o logotipos, combinaciones de colores, estructura y dise\u00f1o, selecci\u00f3n de materiales usados, programas de ordenador necesarios para su funcionamiento, acceso y uso, etc.), titularidad de JOSE ANTONIO ARMERO MORA o bien de sus licenciantes. Todos los derechos reservados. En virtud de lo dispuesto en los art\u00edculos 8 y 32.1, p\u00e1rrafo segundo, de la Ley de Propiedad Intelectual, quedan expresamente prohibidas la reproducci\u00f3n, la distribuci\u00f3n y la comunicaci\u00f3n p\u00fablica, incluida su modalidad de puesta a disposici\u00f3n, de la totalidad o parte de los contenidos de esta p\u00e1gina web, con fines comerciales, en cualquier soporte y por cualquier medio t\u00e9cnico, sin la autorizaci\u00f3n de JOSE ANTONIO ARMERO MORA.<\/p>\n<p>El USUARIO se compromete a respetar los derechos de Propiedad Intelectual e Industrial titularidad de JOSE ANTONIO ARMERO MORA. Podr\u00e1 visualizar los elementos del portal e incluso imprimirlos, copiarlos y almacenarlos en el disco duro de su ordenador o en cualquier otro soporte f\u00edsico siempre y cuando sea, \u00fanica y exclusivamente, para su uso personal y privado. El USUARIO deber\u00e1 abstenerse de suprimir, alterar, eludir o manipular cualquier dispositivo de protecci\u00f3n o sistema de seguridad que estuviera instalado en el las p\u00e1ginas de JOSE ANTONIO ARMERO MORA.<\/p>\n<p>Queda prohibido, por tanto, el uso de la p\u00e1gina web de JOSE ANTONIO ARMERO MORA con fines p\u00fablicos o comerciales, por lo que no se podr\u00e1 explotar, reproducir, distribuir, modificar, comunicar p\u00fablicamente, ceder, transformar o usar el contenido de la web.<\/p>\n<p>Queda expresamente prohibida la introducci\u00f3n de hiperenlaces con fines mercantiles en p\u00e1ginas web ajenas a JOSE ANTONIO ARMERO MORA, que permitan el acceso a nuestro sitio web, sin consentimiento previo. En todo caso, la existencia de hiperenlaces en sitios web ajenos a nosotros, no implicar\u00e1 en ning\u00fan caso la existencia de relaciones comerciales o mercantiles con el titular de la p\u00e1gina web donde se establezca el hiperenlace, ni la aceptaci\u00f3n por parte de JOSE ANTONIO ARMERO MORA de sus contenidos o servicios.<\/p>\n<h2>DIRECCIONES IP<\/h2>\n<p>Los servidores del sitio web podr\u00e1n detectar de manera autom\u00e1tica la direcci\u00f3n IP y el nombre de dominio utilizados por el usuario. Una direcci\u00f3n IP es un n\u00famero asignado autom\u00e1ticamente a un ordenador cuando \u00e9sta se conecta a Internet. Toda esta informaci\u00f3n es registrada en un fichero de actividad del servidor debidamente inscrito que permite el posterior procesamiento de los datos con el fin de obtener mediciones \u00fanicamente estad\u00edsticas que permitan conocer el n\u00famero de impresiones de p\u00e1ginas, el n\u00famero de visitas realizadas a los servicios web, el orden de visitas, el punto de acceso, etc.<\/p>\n<h2>EXCLUSI\u00d3N DE GARANT\u00cdAS Y RESPONSABILIDAD<\/h2>\n<p>JOSE ANTONIO ARMERO MORA no se hace responsable de los perjuicios que se pudieran derivar de interferencias, omisiones, interrupciones, virus inform\u00e1ticos, aver\u00edas y\/o desconexiones en el funcionamiento operativo de este sistema electr\u00f3nico o en los aparatos y equipos inform\u00e1ticos de los usuarios, motivadas por causas ajenas a JOSE ANTONIO ARMERO MORA, que impidan o retrasen la prestaci\u00f3n de los servicios o la navegaci\u00f3n por la tienda, ni de los retrasos o bloqueos en el uso causados por deficiencias o sobrecargas de Internet o en otros sistemas electr\u00f3nicos, ni de la imposibilidad de dar el servicio o permitir el acceso por causas no imputables a JOSE ANTONIO ARMERO MORA, debidas al usuario, a terceros, o a supuestos de fuerza mayor. JOSE ANTONIO ARMERO MORA no controla, con car\u00e1cter general, la utilizaci\u00f3n que los usuarios hacen del sitio web. En particular, JOSE ANTONIO ARMERO MORA no responde en ning\u00fan caso de que los usuarios utilicen el sitio web de conformidad con la ley, las presentes Condiciones Generales, la moral y buenas costumbres generalmente aceptadas y el orden p\u00fablico, ni tampoco que lo hagan de forma diligente y prudente.<\/p>\n<p>Los productos presentados en el sitio web son conformes a la legislaci\u00f3n espa\u00f1ola. La responsabilidad de JOSE ANTONIO ARMERO MORA no puede invocarse en el caso de productos no conformes a la legislaci\u00f3n de los pa\u00edses a los que hayan podido ser enviados en funci\u00f3n del pedido del cliente. Corresponde pues, a los clientes de fuera de Espa\u00f1a el verificar la posibilidad de importar o utilizar los productos que nos soliciten.<\/p>\n<h2>MODIFICACIONES<\/h2>\n<p>JOSE ANTONIO ARMERO MORA se reserva el derecho de efectuar sin previo aviso las modificaciones que considere oportunas en su portal, pudiendo cambiar, suprimir o a\u00f1adir tanto los contenidos y servicios que se presten a trav\u00e9s de la misma como la forma en la que \u00e9stos aparezcan presentados o localizados en su portal.<\/p>\n<h2>ENLACES<\/h2>\n<p>En el caso de que en www.bruixa.net se dispusiesen enlaces o hiperv\u00ednculos hac\u00eda otros sitios de Internet, JOSE ANTONIO ARMERO MORA no ejercer\u00e1 ning\u00fan tipo de control sobre dichos sitios y contenidos. En ning\u00fan caso JOSE ANTONIO ARMERO MORA asumir\u00e1 responsabilidad alguna por los contenidos de alg\u00fan enlace perteneciente a un sitio web ajeno, ni garantizar\u00e1 la disponibilidad t\u00e9cnica, calidad, fiabilidad, exactitud, amplitud, veracidad, validez y constitucionalidad de cualquier material o informaci\u00f3n contenida en ninguno de dichos hiperv\u00ednculos u otros sitios de Internet. Igualmente la inclusi\u00f3n de estas conexiones externas no implicar\u00e1 ning\u00fan tipo de asociaci\u00f3n, fusi\u00f3n o participaci\u00f3n con las entidades conectadas.<\/p>\n<h2>DERECHO DE EXCLUSI\u00d3N<\/h2>\n<p>JOSE ANTONIO ARMERO MORA se reserva el derecho a denegar o retirar el acceso a portal y\/o los servicios ofrecidos sin necesidad de preaviso, a instancia propia o de un tercero, a aquellos usuarios que incumplan las presentes Condiciones Generales de Uso.<\/p>\n<h2>GENERALIDADES<\/h2>\n<p>JOSE ANTONIO ARMERO MORA perseguir\u00e1 el incumplimiento de las presentes condiciones as\u00ed como cualquier utilizaci\u00f3n indebida de su portal ejerciendo todas las acciones civiles y penales que le puedan corresponder en derecho.<\/p>","protected":false},"excerpt":{"rendered":"<p>TITULARIDAD En cumplimiento de las obligaciones establecidas en el art\u00edculo 10 de la Ley 34\/2002, de 11 de julio, de Servicios de la Sociedad de la Informaci\u00f3n y Comercio Electr\u00f3nico, se hace constar que esta p\u00e1gina corresponde a la entidad: Titular: &#8211;\u00a0 Domicilio: Tfno: Mail: Web: Para cualquier consulta, puede contactar con en \u00a0o en [&hellip;]<\/p>\n","protected":false},"author":1,"featured_media":0,"parent":0,"menu_order":7,"comment_status":"closed","ping_status":"closed","template":"","meta":{"site-sidebar-layout":"no-sidebar","site-content-layout":"default","ast-site-content-layout":"default","site-content-style":"default","site-sidebar-style":"default","ast-global-header-display":"","ast-banner-title-visibility":"","ast-main-header-display":"","ast-hfb-above-header-display":"","ast-hfb-below-header-display":"","ast-hfb-mobile-header-display":"","site-post-title":"","ast-breadcrumbs-content":"","ast-featured-img":"","footer-sml-layout":"","ast-disable-related-posts":"","theme-transparent-header-meta":"default","adv-header-id-meta":"","stick-header-meta":"default","header-above-stick-meta":"","header-main-stick-meta":"","header-below-stick-meta":"","astra-migrate-meta-layouts":"default","ast-page-background-enabled":"default","ast-page-background-meta":{"desktop":{"background-color":"","background-image":"","background-repeat":"repeat","background-position":"center center","background-size":"auto","background-attachment":"scroll","background-type":"","background-media":"","overlay-type":"","overlay-color":"","overlay-opacity":"","overlay-gradient":""},"tablet":{"background-color":"","background-image":"","background-repeat":"repeat","background-position":"center center","background-size":"auto","background-attachment":"scroll","background-type":"","background-media":"","overlay-type":"","overlay-color":"","overlay-opacity":"","overlay-gradient":""},"mobile":{"background-color":"","background-image":"","background-repeat":"repeat","background-position":"center center","background-size":"auto","background-attachment":"scroll","background-type":"","background-media":"","overlay-type":"","overlay-color":"","overlay-opacity":"","overlay-gradient":""}},"ast-content-background-meta":{"desktop":{"background-color":"var(--ast-global-color-5)","background-image":"","background-repeat":"repeat","background-position":"center center","background-size":"auto","background-attachment":"scroll","background-type":"","background-media":"","overlay-type":"","overlay-color":"","overlay-opacity":"","overlay-gradient":""},"tablet":{"background-color":"var(--ast-global-color-5)","background-image":"","background-repeat":"repeat","background-position":"center center","background-size":"auto","background-attachment":"scroll","background-type":"","background-media":"","overlay-type":"","overlay-color":"","overlay-opacity":"","overlay-gradient":""},"mobile":{"background-color":"var(--ast-global-color-5)","background-image":"","background-repeat":"repeat","background-position":"center center","background-size":"auto","background-attachment":"scroll","background-type":"","background-media":"","overlay-type":"","overlay-color":"","overlay-opacity":"","overlay-gradient":""}},"footnotes":""},"class_list":["post-75","page","type-page","status-publish","hentry"],"yoast_head":"<!-- This site is optimized with the Yoast SEO plugin v27.4 - https:\/\/yoast.com\/product\/yoast-seo-wordpress\/ -->\n<title>Aviso legal - La Bruixa de Ponent<\/title>\n<meta name=\"description\" content=\"Aviso legal de La Bruixa de Ponent\" \/>\n<meta name=\"robots\" content=\"index, follow, max-snippet:-1, max-image-preview:large, max-video-preview:-1\" \/>\n<link rel=\"canonical\" href=\"https:\/\/www.bruixa.net\/ca\/aviso-legal\/\" \/>\n<meta property=\"og:locale\" content=\"ca_ES\" \/>\n<meta property=\"og:type\" content=\"article\" \/>\n<meta property=\"og:title\" content=\"Aviso legal - La Bruixa de Ponent\" \/>\n<meta property=\"og:description\" content=\"Aviso legal de La Bruixa de Ponent\" \/>\n<meta property=\"og:url\" content=\"https:\/\/www.bruixa.net\/ca\/aviso-legal\/\" \/>\n<meta property=\"og:site_name\" content=\"La Bruixa de Ponent\" \/>\n<meta property=\"article:publisher\" content=\"https:\/\/www.facebook.com\/Administracion-de-Loterias-La-Bruixa-de-Ponent-278564148868935\/\" \/>\n<meta property=\"article:modified_time\" content=\"2023-03-24T09:54:20+00:00\" \/>\n<meta property=\"og:image\" content=\"https:\/\/www.bruixa.net\/wp-content\/uploads\/2023\/08\/La-Bruixa.jpg\" \/>\n\t<meta property=\"og:image:width\" content=\"1200\" \/>\n\t<meta property=\"og:image:height\" content=\"675\" \/>\n\t<meta property=\"og:image:type\" content=\"image\/jpeg\" \/>\n<meta name=\"twitter:card\" content=\"summary_large_image\" \/>\n<script type=\"application\/ld+json\" class=\"yoast-schema-graph\">{\"@context\":\"https:\\\/\\\/schema.org\",\"@graph\":[{\"@type\":\"WebPage\",\"@id\":\"https:\\\/\\\/www.bruixa.net\\\/aviso-legal\\\/\",\"url\":\"https:\\\/\\\/www.bruixa.net\\\/aviso-legal\\\/\",\"name\":\"Aviso legal - La Bruixa de Ponent\",\"isPartOf\":{\"@id\":\"https:\\\/\\\/www.bruixa.net\\\/#website\"},\"datePublished\":\"2023-03-01T12:36:51+00:00\",\"dateModified\":\"2023-03-24T09:54:20+00:00\",\"description\":\"Aviso legal de La Bruixa de Ponent\",\"breadcrumb\":{\"@id\":\"https:\\\/\\\/www.bruixa.net\\\/aviso-legal\\\/#breadcrumb\"},\"inLanguage\":\"ca\",\"potentialAction\":[{\"@type\":\"ReadAction\",\"target\":[\"https:\\\/\\\/www.bruixa.net\\\/aviso-legal\\\/\"]}]},{\"@type\":\"BreadcrumbList\",\"@id\":\"https:\\\/\\\/www.bruixa.net\\\/aviso-legal\\\/#breadcrumb\",\"itemListElement\":[{\"@type\":\"ListItem\",\"position\":1,\"name\":\"Inicio\",\"item\":\"https:\\\/\\\/www.bruixa.net\\\/\"},{\"@type\":\"ListItem\",\"position\":2,\"name\":\"Aviso legal\"}]},{\"@type\":\"WebSite\",\"@id\":\"https:\\\/\\\/www.bruixa.net\\\/#website\",\"url\":\"https:\\\/\\\/www.bruixa.net\\\/\",\"name\":\"La Bruixa de Ponent\",\"description\":\"Administraci\u00f3n de loter\u00edas en L&#039;Hospitalet de Llobregat\",\"publisher\":{\"@id\":\"https:\\\/\\\/www.bruixa.net\\\/#organization\"},\"potentialAction\":[{\"@type\":\"SearchAction\",\"target\":{\"@type\":\"EntryPoint\",\"urlTemplate\":\"https:\\\/\\\/www.bruixa.net\\\/?s={search_term_string}\"},\"query-input\":{\"@type\":\"PropertyValueSpecification\",\"valueRequired\":true,\"valueName\":\"search_term_string\"}}],\"inLanguage\":\"ca\"},{\"@type\":\"Organization\",\"@id\":\"https:\\\/\\\/www.bruixa.net\\\/#organization\",\"name\":\"La Bruixa de Ponent\",\"url\":\"https:\\\/\\\/www.bruixa.net\\\/\",\"logo\":{\"@type\":\"ImageObject\",\"inLanguage\":\"ca\",\"@id\":\"https:\\\/\\\/www.bruixa.net\\\/#\\\/schema\\\/logo\\\/image\\\/\",\"url\":\"https:\\\/\\\/www.bruixa.net\\\/wp-content\\\/uploads\\\/2023\\\/06\\\/bruixalogo.jpg\",\"contentUrl\":\"https:\\\/\\\/www.bruixa.net\\\/wp-content\\\/uploads\\\/2023\\\/06\\\/bruixalogo.jpg\",\"width\":1272,\"height\":1200,\"caption\":\"La Bruixa de Ponent\"},\"image\":{\"@id\":\"https:\\\/\\\/www.bruixa.net\\\/#\\\/schema\\\/logo\\\/image\\\/\"},\"sameAs\":[\"https:\\\/\\\/www.facebook.com\\\/Administracion-de-Loterias-La-Bruixa-de-Ponent-278564148868935\\\/\"]}]}<\/script>\n<!-- \/ Yoast SEO plugin. -->","yoast_head_json":{"title":"Aviso legal - La Bruixa de Ponent","description":"Aviso legal de La Bruixa de Ponent","robots":{"index":"index","follow":"follow","max-snippet":"max-snippet:-1","max-image-preview":"max-image-preview:large","max-video-preview":"max-video-preview:-1"},"canonical":"https:\/\/www.bruixa.net\/ca\/aviso-legal\/","og_locale":"ca_ES","og_type":"article","og_title":"Aviso legal - La Bruixa de Ponent","og_description":"Aviso legal de La Bruixa de Ponent","og_url":"https:\/\/www.bruixa.net\/ca\/aviso-legal\/","og_site_name":"La Bruixa de Ponent","article_publisher":"https:\/\/www.facebook.com\/Administracion-de-Loterias-La-Bruixa-de-Ponent-278564148868935\/","article_modified_time":"2023-03-24T09:54:20+00:00","og_image":[{"width":1200,"height":675,"url":"https:\/\/www.bruixa.net\/wp-content\/uploads\/2023\/08\/La-Bruixa.jpg","type":"image\/jpeg"}],"twitter_card":"summary_large_image","schema":{"@context":"https:\/\/schema.org","@graph":[{"@type":"WebPage","@id":"https:\/\/www.bruixa.net\/aviso-legal\/","url":"https:\/\/www.bruixa.net\/aviso-legal\/","name":"Aviso legal - La Bruixa de Ponent","isPartOf":{"@id":"https:\/\/www.bruixa.net\/#website"},"datePublished":"2023-03-01T12:36:51+00:00","dateModified":"2023-03-24T09:54:20+00:00","description":"Aviso legal de La Bruixa de Ponent","breadcrumb":{"@id":"https:\/\/www.bruixa.net\/aviso-legal\/#breadcrumb"},"inLanguage":"ca","potentialAction":[{"@type":"ReadAction","target":["https:\/\/www.bruixa.net\/aviso-legal\/"]}]},{"@type":"BreadcrumbList","@id":"https:\/\/www.bruixa.net\/aviso-legal\/#breadcrumb","itemListElement":[{"@type":"ListItem","position":1,"name":"Inicio","item":"https:\/\/www.bruixa.net\/"},{"@type":"ListItem","position":2,"name":"Aviso legal"}]},{"@type":"WebSite","@id":"https:\/\/www.bruixa.net\/#website","url":"https:\/\/www.bruixa.net\/","name":"La Bruixa de Ponent","description":"Administraci\u00f3 de loteries a L&#039;Hospitalet de Llobregat","publisher":{"@id":"https:\/\/www.bruixa.net\/#organization"},"potentialAction":[{"@type":"SearchAction","target":{"@type":"EntryPoint","urlTemplate":"https:\/\/www.bruixa.net\/?s={search_term_string}"},"query-input":{"@type":"PropertyValueSpecification","valueRequired":true,"valueName":"search_term_string"}}],"inLanguage":"ca"},{"@type":"Organization","@id":"https:\/\/www.bruixa.net\/#organization","name":"La Bruixa de Ponent","url":"https:\/\/www.bruixa.net\/","logo":{"@type":"ImageObject","inLanguage":"ca","@id":"https:\/\/www.bruixa.net\/#\/schema\/logo\/image\/","url":"https:\/\/www.bruixa.net\/wp-content\/uploads\/2023\/06\/bruixalogo.jpg","contentUrl":"https:\/\/www.bruixa.net\/wp-content\/uploads\/2023\/06\/bruixalogo.jpg","width":1272,"height":1200,"caption":"La Bruixa de Ponent"},"image":{"@id":"https:\/\/www.bruixa.net\/#\/schema\/logo\/image\/"},"sameAs":["https:\/\/www.facebook.com\/Administracion-de-Loterias-La-Bruixa-de-Ponent-278564148868935\/"]}]}},"_links":{"self":[{"href":"https:\/\/www.bruixa.net\/ca\/wp-json\/wp\/v2\/pages\/75","targetHints":{"allow":["GET"]}}],"collection":[{"href":"https:\/\/www.bruixa.net\/ca\/wp-json\/wp\/v2\/pages"}],"about":[{"href":"https:\/\/www.bruixa.net\/ca\/wp-json\/wp\/v2\/types\/page"}],"author":[{"embeddable":true,"href":"https:\/\/www.bruixa.net\/ca\/wp-json\/wp\/v2\/users\/1"}],"replies":[{"embeddable":true,"href":"https:\/\/www.bruixa.net\/ca\/wp-json\/wp\/v2\/comments?post=75"}],"version-history":[{"count":5,"href":"https:\/\/www.bruixa.net\/ca\/wp-json\/wp\/v2\/pages\/75\/revisions"}],"predecessor-version":[{"id":180,"href":"https:\/\/www.bruixa.net\/ca\/wp-json\/wp\/v2\/pages\/75\/revisions\/180"}],"wp:attachment":[{"href":"https:\/\/www.bruixa.net\/ca\/wp-json\/wp\/v2\/media?parent=75"}],"curies":[{"name":"wp","href":"https:\/\/api.w.org\/{rel}","templated":true}]}}